{"id":2,"date":"2016-05-10T03:48:21","date_gmt":"2016-05-10T03:48:21","guid":{"rendered":"http:\/\/www.antonmouzo.com\/?page_id=2"},"modified":"2025-06-05T16:57:52","modified_gmt":"2025-06-05T15:57:52","slug":"sample-page","status":"publish","type":"page","link":"https:\/\/www.antonmouzo.com\/","title":{"rendered":"Ant\u00f3n Mouzo"},"content":{"rendered":"<div class=\"wp-block-image is-style-default\">\n<figure class=\"aligncenter size-large is-resized\"><a href=\"https:\/\/www.antonmouzo.com\/?al_product-cat=exposicion-faro-vilan\"><img loading=\"lazy\" decoding=\"async\" width=\"724\" height=\"1024\" src=\"https:\/\/www.antonmouzo.com\/wp-content\/uploads\/2025\/05\/Cartel-A-Luz-A-Terra-Anton-Mouzo-1-724x1024.jpg\" alt=\"\" class=\"wp-image-7619\" style=\"width:338px;height:auto\" title=\"pulsa aqu\u00ed para ver detalles\" srcset=\"https:\/\/www.antonmouzo.com\/wp-content\/uploads\/2025\/05\/Cartel-A-Luz-A-Terra-Anton-Mouzo-1-724x1024.jpg 724w, https:\/\/www.antonmouzo.com\/wp-content\/uploads\/2025\/05\/Cartel-A-Luz-A-Terra-Anton-Mouzo-1-212x300.jpg 212w, https:\/\/www.antonmouzo.com\/wp-content\/uploads\/2025\/05\/Cartel-A-Luz-A-Terra-Anton-Mouzo-1-768x1086.jpg 768w, https:\/\/www.antonmouzo.com\/wp-content\/uploads\/2025\/05\/Cartel-A-Luz-A-Terra-Anton-Mouzo-1-1086x1536.jpg 1086w, https:\/\/www.antonmouzo.com\/wp-content\/uploads\/2025\/05\/Cartel-A-Luz-A-Terra-Anton-Mouzo-1-424x600.jpg 424w, https:\/\/www.antonmouzo.com\/wp-content\/uploads\/2025\/05\/Cartel-A-Luz-A-Terra-Anton-Mouzo-1-113x160.jpg 113w, https:\/\/www.antonmouzo.com\/wp-content\/uploads\/2025\/05\/Cartel-A-Luz-A-Terra-Anton-Mouzo-1.jpg 1131w\" sizes=\"auto, (max-width: 724px) 100vw, 724px\" \/><\/a><\/figure><\/div>\n\n\n<p class=\"has-text-align-right\" style=\"font-size:11px\">Pulsa en el cartel para ver mas detalles de la exposici\u00f3n<\/p>\n\n\n\n<div class=\"wp-block-cover aligncenter has-parallax is-light\"><div role=\"img\" aria-label=\"pulsa aqu\u00ed si quieres ver mas\" class=\"wp-block-cover__image-background wp-image-4508 has-parallax\" style=\"background-position:50% 50%;background-image:url(https:\/\/www.antonmouzo.com\/wp-content\/uploads\/2020\/04\/DOC-Casa-da-Parra-Chan-de-mica-1999-Detalle.jpg)\"><\/div><span aria-hidden=\"true\" class=\"wp-block-cover__background has-background-dim\"><\/span><div class=\"wp-block-cover__inner-container is-layout-flow wp-block-cover-is-layout-flow\">\n<p class=\"has-luminous-vivid-amber-color has-text-color has-large-font-size\">Ant\u00f3n Mouzo Lavandeira <\/p>\n\n\n\n<p class=\"has-background-color has-text-color has-link-color wp-elements-755af5bdb0f4f0f0c519d9fd6d7d94ae\">Naci\u00f3 en Vimianzo el 14 de Mayo de 1957 y falleci\u00f3 en A Coru\u00f1a el 5 de Julio de 2007.<\/p>\n\n\n\n<p class=\"has-background-color has-text-color has-link-color has-normal-font-size wp-elements-fde69ebdd2172d1c3fe28d93f69e79d9\">En esta p\u00e1gina podr\u00e9is acceder a su biograf\u00eda, curriculum, hemeroteca, cat\u00e1logo y actividades relacionadas con su obra art\u00edstica.<\/p>\n\n\n\n<p class=\"has-background-color has-text-color has-link-color wp-elements-bcd7b5f9628e0bef8d50323d282a3b69\">Dedicada a su memoria.<\/p>\n<\/div><\/div>\n\n\n\n<div class=\"wp-block-group\"><div class=\"wp-block-group__inner-container is-layout-flow wp-block-group-is-layout-flow\">\n<p class=\"has-text-align-right has-small-font-size\">Detalle de \u00abChan de Mica\u00bb, 1999<\/p>\n\n\n<div class=\"wp-block-aiovg-video\"><div class=\"aiovg-player-container\" style=\"max-width: 100%;\"><div class=\"aiovg-player aiovg-player-iframe\" style=\"padding-bottom: 56.25%;\"><iframe loading=\"lazy\" src=\"https:\/\/www.antonmouzo.com\/?page_id=7547&#038;aiovg_type=id&#038;aiovg_video=2&#038;youtube=aHR0cHM6Ly95b3V0dS5iZS9hbFRqdjBWd29TTQ..\" title=\"\" width=\"560\" height=\"315\" frameborder=\"0\" scrolling=\"no\" allow=\"accelerometer; autoplay; clipboard-write; encrypted-media; gyroscope; picture-in-picture; web-share\" allowfullscreen><\/iframe><\/div><\/div><\/div>\n\n\n<p>AUSENCIA. V\u00eddeo realizado por Javier Villaverde con m\u00fasica de Jos\u00e9 Nieto. <\/p>\n<\/div><\/div>\n\n\n\n<p>Tambi\u00e9n puedes seguir noticias sobre Ant\u00f3n en facebook o instagram<\/p>\n\n\n\n<ul class=\"wp-block-social-links is-layout-flex wp-block-social-links-is-layout-flex\"><li class=\"wp-social-link wp-social-link-facebook  wp-block-social-link\"><a href=\"https:\/\/www.facebook.com\/antonmouzo\/\" class=\"wp-block-social-link-anchor\"><svg width=\"24\" height=\"24\" viewBox=\"0 0 24 24\" version=\"1.1\" xmlns=\"http:\/\/www.w3.org\/2000\/svg\" aria-hidden=\"true\" focusable=\"false\"><path d=\"M12 2C6.5 2 2 6.5 2 12c0 5 3.7 9.1 8.4 9.9v-7H7.9V12h2.5V9.8c0-2.5 1.5-3.9 3.8-3.9 1.1 0 2.2.2 2.2.2v2.5h-1.3c-1.2 0-1.6.8-1.6 1.6V12h2.8l-.4 2.9h-2.3v7C18.3 21.1 22 17 22 12c0-5.5-4.5-10-10-10z\"><\/path><\/svg><span class=\"wp-block-social-link-label screen-reader-text\">Facebook<\/span><\/a><\/li>\n\n\n\n<li class=\"wp-social-link wp-social-link-instagram  wp-block-social-link\"><a href=\"https:\/\/www.instagram.com\/antonmouzo\" class=\"wp-block-social-link-anchor\"><svg width=\"24\" height=\"24\" viewBox=\"0 0 24 24\" version=\"1.1\" xmlns=\"http:\/\/www.w3.org\/2000\/svg\" aria-hidden=\"true\" focusable=\"false\"><path d=\"M12,4.622c2.403,0,2.688,0.009,3.637,0.052c0.877,0.04,1.354,0.187,1.671,0.31c0.42,0.163,0.72,0.358,1.035,0.673 c0.315,0.315,0.51,0.615,0.673,1.035c0.123,0.317,0.27,0.794,0.31,1.671c0.043,0.949,0.052,1.234,0.052,3.637 s-0.009,2.688-0.052,3.637c-0.04,0.877-0.187,1.354-0.31,1.671c-0.163,0.42-0.358,0.72-0.673,1.035 c-0.315,0.315-0.615,0.51-1.035,0.673c-0.317,0.123-0.794,0.27-1.671,0.31c-0.949,0.043-1.233,0.052-3.637,0.052 s-2.688-0.009-3.637-0.052c-0.877-0.04-1.354-0.187-1.671-0.31c-0.42-0.163-0.72-0.358-1.035-0.673 c-0.315-0.315-0.51-0.615-0.673-1.035c-0.123-0.317-0.27-0.794-0.31-1.671C4.631,14.688,4.622,14.403,4.622,12 s0.009-2.688,0.052-3.637c0.04-0.877,0.187-1.354,0.31-1.671c0.163-0.42,0.358-0.72,0.673-1.035 c0.315-0.315,0.615-0.51,1.035-0.673c0.317-0.123,0.794-0.27,1.671-0.31C9.312,4.631,9.597,4.622,12,4.622 M12,3 C9.556,3,9.249,3.01,8.289,3.054C7.331,3.098,6.677,3.25,6.105,3.472C5.513,3.702,5.011,4.01,4.511,4.511 c-0.5,0.5-0.808,1.002-1.038,1.594C3.25,6.677,3.098,7.331,3.054,8.289C3.01,9.249,3,9.556,3,12c0,2.444,0.01,2.751,0.054,3.711 c0.044,0.958,0.196,1.612,0.418,2.185c0.23,0.592,0.538,1.094,1.038,1.594c0.5,0.5,1.002,0.808,1.594,1.038 c0.572,0.222,1.227,0.375,2.185,0.418C9.249,20.99,9.556,21,12,21s2.751-0.01,3.711-0.054c0.958-0.044,1.612-0.196,2.185-0.418 c0.592-0.23,1.094-0.538,1.594-1.038c0.5-0.5,0.808-1.002,1.038-1.594c0.222-0.572,0.375-1.227,0.418-2.185 C20.99,14.751,21,14.444,21,12s-0.01-2.751-0.054-3.711c-0.044-0.958-0.196-1.612-0.418-2.185c-0.23-0.592-0.538-1.094-1.038-1.594 c-0.5-0.5-1.002-0.808-1.594-1.038c-0.572-0.222-1.227-0.375-2.185-0.418C14.751,3.01,14.444,3,12,3L12,3z M12,7.378 c-2.552,0-4.622,2.069-4.622,4.622S9.448,16.622,12,16.622s4.622-2.069,4.622-4.622S14.552,7.378,12,7.378z M12,15 c-1.657,0-3-1.343-3-3s1.343-3,3-3s3,1.343,3,3S13.657,15,12,15z M16.804,6.116c-0.596,0-1.08,0.484-1.08,1.08 s0.484,1.08,1.08,1.08c0.596,0,1.08-0.484,1.08-1.08S17.401,6.116,16.804,6.116z\"><\/path><\/svg><span class=\"wp-block-social-link-label screen-reader-text\">Instagram<\/span><\/a><\/li>\n\n\n\n<\/ul>\n\n\n\n<div class=\"wp-block-group is-layout-grid wp-container-core-group-is-layout-b42cc6be wp-block-group-is-layout-grid\">\n<figure class=\"wp-block-image size-large\"><a href=\"https:\/\/www.antonmouzo.com\/?al_product-cat=exposicion-faro-vilan\"><img loading=\"lazy\" decoding=\"async\" width=\"724\" height=\"1024\" src=\"https:\/\/www.antonmouzo.com\/wp-content\/uploads\/2025\/05\/Cartel-A-Luz-A-Terra-Anton-Mouzo-724x1024.jpg\" alt=\"\" class=\"wp-image-7605\" srcset=\"https:\/\/www.antonmouzo.com\/wp-content\/uploads\/2025\/05\/Cartel-A-Luz-A-Terra-Anton-Mouzo-724x1024.jpg 724w, https:\/\/www.antonmouzo.com\/wp-content\/uploads\/2025\/05\/Cartel-A-Luz-A-Terra-Anton-Mouzo-212x300.jpg 212w, https:\/\/www.antonmouzo.com\/wp-content\/uploads\/2025\/05\/Cartel-A-Luz-A-Terra-Anton-Mouzo-768x1086.jpg 768w, https:\/\/www.antonmouzo.com\/wp-content\/uploads\/2025\/05\/Cartel-A-Luz-A-Terra-Anton-Mouzo-1086x1536.jpg 1086w, https:\/\/www.antonmouzo.com\/wp-content\/uploads\/2025\/05\/Cartel-A-Luz-A-Terra-Anton-Mouzo-424x600.jpg 424w, https:\/\/www.antonmouzo.com\/wp-content\/uploads\/2025\/05\/Cartel-A-Luz-A-Terra-Anton-Mouzo-113x160.jpg 113w, https:\/\/www.antonmouzo.com\/wp-content\/uploads\/2025\/05\/Cartel-A-Luz-A-Terra-Anton-Mouzo.jpg 1131w\" sizes=\"auto, (max-width: 724px) 100vw, 724px\" \/><\/a><figcaption class=\"wp-element-caption\">Exposici\u00f3n<\/figcaption><\/figure>\n\n\n\n<figure class=\"wp-block-image size-full\"><a href=\"https:\/\/www.antonmouzo.com\/?page_id=8\"><img loading=\"lazy\" decoding=\"async\" width=\"1723\" height=\"1149\" src=\"https:\/\/www.antonmouzo.com\/wp-content\/uploads\/2020\/05\/colecci\u00f3n-Ant\u00f3n-Mouzo-Irmans.jpg\" alt=\"\" class=\"wp-image-5918\"\/><\/a><figcaption class=\"wp-element-caption\">Obra<\/figcaption><\/figure>\n\n\n\n<figure class=\"wp-block-image size-full\"><a href=\"https:\/\/www.antonmouzo.com\/?page_id=4332\"><img loading=\"lazy\" decoding=\"async\" width=\"800\" height=\"533\" src=\"https:\/\/www.antonmouzo.com\/wp-content\/uploads\/2020\/04\/image047.jpg\" alt=\"\" class=\"wp-image-4472\"\/><\/a><figcaption class=\"wp-element-caption\">Curriculum<\/figcaption><\/figure>\n\n\n\n<figure class=\"wp-block-image size-full\"><a href=\"https:\/\/www.antonmouzo.com\/?page_id=4358\"><img loading=\"lazy\" decoding=\"async\" width=\"308\" height=\"384\" src=\"https:\/\/www.antonmouzo.com\/wp-content\/uploads\/2020\/04\/image108.jpg\" alt=\"\" class=\"wp-image-4526\"\/><\/a><figcaption class=\"wp-element-caption\">Hemeroteca<\/figcaption><\/figure>\n<\/div>\n\n\n\n<p><\/p>\n","protected":false},"excerpt":{"rendered":"<p>Pulsa en el cartel para ver mas detalles de la exposici\u00f3n Detalle de \u00abChan de Mica\u00bb, 1999 AUSENCIA. V\u00eddeo realizado por Javier Villaverde con m\u00fasica de Jos\u00e9 Nieto. Tambi\u00e9n puedes seguir noticias sobre Ant\u00f3n en facebook o instagram<\/p>\n","protected":false},"author":1,"featured_media":0,"parent":0,"menu_order":0,"comment_status":"closed","ping_status":"open","template":"","meta":{"footnotes":""},"class_list":["post-2","page","type-page","status-publish","hentry"],"_links":{"self":[{"href":"https:\/\/www.antonmouzo.com\/index.php?rest_route=\/wp\/v2\/pages\/2","targetHints":{"allow":["GET"]}}],"collection":[{"href":"https:\/\/www.antonmouzo.com\/index.php?rest_route=\/wp\/v2\/pages"}],"about":[{"href":"https:\/\/www.antonmouzo.com\/index.php?rest_route=\/wp\/v2\/types\/page"}],"author":[{"embeddable":true,"href":"https:\/\/www.antonmouzo.com\/index.php?rest_route=\/wp\/v2\/users\/1"}],"replies":[{"embeddable":true,"href":"https:\/\/www.antonmouzo.com\/index.php?rest_route=%2Fwp%2Fv2%2Fcomments&post=2"}],"version-history":[{"count":65,"href":"https:\/\/www.antonmouzo.com\/index.php?rest_route=\/wp\/v2\/pages\/2\/revisions"}],"predecessor-version":[{"id":7652,"href":"https:\/\/www.antonmouzo.com\/index.php?rest_route=\/wp\/v2\/pages\/2\/revisions\/7652"}],"wp:attachment":[{"href":"https:\/\/www.antonmouzo.com\/index.php?rest_route=%2Fwp%2Fv2%2Fmedia&parent=2"}],"curies":[{"name":"wp","href":"https:\/\/api.w.org\/{rel}","templated":true}]}}