{"id":4332,"date":"2020-04-22T16:48:57","date_gmt":"2020-04-22T16:48:57","guid":{"rendered":"http:\/\/www.antonmouzo.com\/?page_id=4332"},"modified":"2020-04-22T17:53:01","modified_gmt":"2020-04-22T17:53:01","slug":"prueba","status":"publish","type":"page","link":"https:\/\/www.antonmouzo.com\/?page_id=4332","title":{"rendered":"Curriculum Ant\u00f3n"},"content":{"rendered":"\n<div style=\"height:27px\" aria-hidden=\"true\" class=\"wp-block-spacer\"><\/div>\n\n\n\n<h2 class=\"wp-block-heading\"><strong>EXPOSICIONES INDIVIDUALES<\/strong><\/h2>\n\n\n\n<div class=\"wp-block-group\"><div class=\"wp-block-group__inner-container is-layout-flow wp-block-group-is-layout-flow\">\n<p class=\"has-text-color has-very-dark-gray-color\"><strong>2011 <\/strong><em>Casa da Cultura. Sala Ant\u00f3n Mouzo<\/em>. Vimianzo<\/p>\n\n\n\n<p><strong>2009 <\/strong><em>Auditorio de Galicia<\/em>. Santiago de Compostela<\/p>\n\n\n\n<p><strong>2004\u00a0<\/strong><em>Casino Atl\u00e1ntico<\/em>. A Coru\u00f1a<\/p>\n\n\n\n<p><strong>2001\u00a0<\/strong><em>Caja Madrid<\/em>. Pontevedra.<\/p>\n\n\n\n<p><strong>1999\u00a0<\/strong><em>Casa da Parra<\/em>. Santiago de Compostela.<\/p>\n\n\n\n<p><strong>1995 <\/strong>Galer\u00eda\u00a0<em>Caf\u00e9 de Macondo<\/em>. A Coru\u00f1a.<\/p>\n\n\n\n<p><strong>1994 <\/strong>Galer\u00eda\u00a0<em>Atl\u00e1ntica<\/em>. A Coru\u00f1a.<\/p>\n\n\n\n<p><strong>1994 <\/strong>Galer\u00eda\u00a0<em>Abel Lepina<\/em>. Vigo.<\/p>\n\n\n\n<p><strong>1993 <\/strong>Galer\u00eda Pub\u00a0<em>Modus Vivendi.<\/em>\u00a0Santiago de Compostela.<\/p>\n\n\n\n<p><strong>1993 <\/strong>Castillo\u00a0<em>Torres de Martelo<\/em>. Vimianzo.<\/p>\n\n\n\n<p><strong>1992 <\/strong>Galer\u00eda\u00a0<em>Sargadelos<\/em>. Santiago de Compostela.<\/p>\n\n\n\n<p><strong>1988 <\/strong>Galer\u00eda Pub\u00a0<em>O\u00b4Patac\u00f3n.<\/em>\u00a0A Coru\u00f1a.<\/p>\n\n\n\n<p><strong>1987 <\/strong>Galer\u00eda\u00a0<em>Gruporz\u00e1n<\/em>. A Coru\u00f1a.<\/p>\n\n\n\n<p><strong>1986 <\/strong>Galer\u00eda\u00a0<em>Abel Lepina<\/em>. Vigo.<\/p>\n\n\n\n<p><strong>1984 <\/strong>Galer\u00eda\u00a0<em>Finisterrae<\/em>. A Coru\u00f1a.<\/p>\n\n\n\n<p><strong>1982 <\/strong>Galer\u00eda\u00a0<em>\u00c1bside<\/em>. A Coru\u00f1a.<\/p>\n\n\n\n<p><strong>1976 <\/strong>Aula de Cultura\u00a0<em>Lume<\/em>. A Coru\u00f1a.<\/p>\n<\/div><\/div>\n\n\n\n<!--nextpage-->\n\n\n\n<h2 class=\"wp-block-heading\"><strong>EXPOSICIONES COLECTIVAS<\/strong><\/h2>\n\n\n\n<div class=\"wp-block-group\"><div class=\"wp-block-group__inner-container is-layout-flow wp-block-group-is-layout-flow\">\n<p><strong>2004<\/strong>&nbsp;<em>Quinto sal\u00f3n de oto\u00f1o de pintura.<\/em>&nbsp;Fundaci\u00f3n Caixa Galicia. A Coru\u00f1a.<\/p>\n\n\n\n<p><strong>2003<\/strong>&nbsp;<em>Botella ao mar.&nbsp;<\/em>Auditorio de Galicia. Santiago de Compostela<em>.<\/em><\/p>\n\n\n\n<p><strong>2002<\/strong>&nbsp;<em>ARTVG<\/em>. Santiago de Compostela.<\/p>\n\n\n\n<p><strong>2001<\/strong>&nbsp;<em>VII Certame de artes pl\u00e1sticas Isaac D\u00edaz Pardo.&nbsp;<\/em>Itinerante por Galicia.<\/p>\n\n\n\n<p><strong>2000<\/strong>&nbsp;<em>Di\u00e1logos co silencio<\/em>. Instalaci\u00f3n:&nbsp;<em>Vanitas<\/em>. San Domingos de Bonaval. Santiago de<\/p>\n\n\n\n<p>Compostela.&nbsp;<\/p>\n\n\n\n<p><em>Memoria e vangarda<\/em>.&nbsp;Spanish Institute. New York.&nbsp;EEUU.<\/p>\n\n\n\n<p>Memoria e vangarda. Agencia Espa\u00f1ola de Cooperaci\u00f3n Internacional. Miami. Florida.&nbsp;EEUU.<\/p>\n\n\n\n<p><em>III Exposici\u00f3n Arte e Solidariedade<\/em>. Itinerante por Galicia.<\/p>\n\n\n\n<p><strong>1999<\/strong>&nbsp;<em>Memoria e vangarda<\/em>. Fundaci\u00f3n Santillana. Bogot\u00e1. Colombia.<\/p>\n\n\n\n<blockquote class=\"wp-block-quote is-layout-flow wp-block-quote-is-layout-flow\"><p><em>Memoria e vangarda<\/em>. Fundaci\u00f3n Provincial. Caracas. Venezuela.<\/p><p><em>Memoria e vangarda<\/em>. Espacios del AECI. San Salvador. Rep\u00fablica de El Salvador.<\/p><p><em>Memoria e vangarda<\/em>. Museo de Arte Moderno de Santo Domingo. Rep\u00fablica Dominicana.<\/p><\/blockquote>\n\n\n\n<p><br><strong>1998<\/strong>&nbsp;<em>Memoria e Vangarda.&nbsp;<\/em>Espacios del BBV. San Juan de Puerto Rico.<\/p>\n\n\n\n<blockquote class=\"wp-block-quote is-layout-flow wp-block-quote-is-layout-flow\"><p><em>V<\/em>&nbsp;<em>Certamen Isaac D\u00edaz Pardo<\/em>. Itinerante.<\/p><p><em>Tiempo de Flamenco.<\/em>&nbsp;Santiago de Compostela.<\/p><p><em>Mostra de Creaci\u00f3n Pl\u00e1stica da Costa da Morte.&nbsp;<\/em>Cabana de Berganti\u00f1os.<\/p><\/blockquote>\n\n\n\n<p><br><strong>1997<\/strong>&nbsp;<em>A Arte Galega na Colecci\u00f3n Caixavigo<\/em>, Estaci\u00f3n Mar\u00edtima. A Coru\u00f1a.<\/p>\n\n\n\n<blockquote class=\"wp-block-quote is-layout-flow wp-block-quote-is-layout-flow\"><p><em>Artistas Pl\u00e1sticos da Costa da Morte.&nbsp;<\/em>A.C. Monte Branco. O Couto. Ponteceso<\/p><\/blockquote>\n\n\n\n<p><strong>19<\/strong><strong>96<\/strong>&nbsp;<em>Puxando o Ar.<\/em>&nbsp;NOROESTE. Santiago de Compostela.<\/p>\n\n\n\n<p><strong>1993<\/strong>&nbsp;<em>Trazos e Cami\u00f1os<\/em>. Itinerante por Galicia.<\/p>\n\n\n\n<p><strong>1992<\/strong>&nbsp;Exposici\u00f3n Seleccionados&nbsp;<em>VI Premio de Escultura Pablo Gargallo<\/em>. Palacio de La Aljafer\u00eda. Zaragoza.<\/p>\n\n\n\n<p><em>60 Imaxes dunha colecci\u00f3n.<\/em>&nbsp;Xunta de Galicia. San Mart\u00edn Pinario, Santiago de Compostela. Casa de Galicia, Madrid.<\/p>\n\n\n\n<p><strong>1991<\/strong>&nbsp;<em>Amnist\u00eda Internacional.<\/em>&nbsp;Casa de la Cultura Salvador de Madariaga, A Coru\u00f1a.<\/p>\n\n\n\n<p><em>O Rostro do Tempo.<\/em>&nbsp;Casa da Historia e das Artes. Vigo.<\/p>\n\n\n\n<p><em>Mail-Art Erakusketa-Bizikleta.<\/em>&nbsp;Eibar. Guipuzkoa.<\/p>\n\n\n\n<p><strong>1990<\/strong>&nbsp;<em>Revisi\u00f3n dunha D\u00e9cada<\/em>. Auditorio de Galicia. Santiago de Compostela. Casa das Artes e<\/p>\n\n\n\n<p>da Historia, Vigo.<\/p>\n\n\n\n<p>Colectiva Galer\u00eda Obelisco, A Coru\u00f1a.<\/p>\n\n\n\n<p><strong>1989<\/strong>&nbsp;<em>1\u00ba Mostra Uni\u00f3n Fenosa.<\/em>&nbsp;Sala Municipal Estaci\u00f3n Mar\u00edtima, A Coru\u00f1a.<\/p>\n\n\n\n<p><em>8 Artistes<\/em>. Espace Moli\u00e8re. Agde. Francia.<\/p>\n\n\n\n<p><em>1\u00ba Certamen Isaac D\u00edaz Pardo.&nbsp;<\/em>Diputaci\u00f3n da Coru\u00f1a. A Coru\u00f1a.<\/p>\n\n\n\n<p>\u201c&nbsp;<em>Papeis da Cidade\u201d.<\/em>&nbsp;Carpeta de Grabados. Edita,CEGRAC.Diputaci\u00f3n da Coru\u00f1a.<\/p>\n\n\n\n<p><strong>1988<\/strong>&nbsp;<em>A Monta\u00f1a Disoluta<\/em>. Instalaci\u00f3n para la IX Bienal Internacional de Pontevedra.<\/p>\n\n\n\n<p><em>Mencer.<\/em>&nbsp;Estaci\u00f3n Mar\u00edtima.A Coru\u00f1a.<\/p>\n\n\n\n<p><em>Amnist\u00eda Internacional.&nbsp;<\/em>Sala MunicipalEstaci\u00f3n Mar\u00edtima, A Coru\u00f1a.<\/p>\n\n\n\n<p>1\u00ba Certamen de Pintura Concello de Carballo, Carballo (A Coru\u00f1a).<\/p>\n\n\n\n<p><strong>1987<\/strong>&nbsp;<em>Contactos.<\/em>&nbsp;\u201cPintores &amp; Fot\u00f3grafos\u201d, Palacio Municipal Kiosco Alfonso. A Coru\u00f1a.<\/p>\n\n\n\n<p><em>Expreso do Norte.<\/em>&nbsp;Galer\u00eda&nbsp;<em>Pequeno Formato<\/em>. Lisboa.<\/p>\n\n\n\n<p><em>La Coru\u00f1a Vaya Valla<\/em>. U.I.M.P. Jardines de M\u00e9ndez N\u00fa\u00f1ez. A Coru\u00f1a.<\/p>\n\n\n\n<p><em>Desde\u00f1o Industrial<\/em>. U.I.M.P. Sala Dur\u00e1n Loriga. A Coru\u00f1a.<\/p>\n\n\n\n<p><strong>1986<\/strong>&nbsp;<em>1990 Becas e Adquisici\u00f3ns&nbsp;<\/em>Kiosco Alfonso, A Coru\u00f1a. Casa da Parra, Santiago. Ateneo de Ferrol, Ferrol. Centro Cultural Garc\u00eda Barb\u00f3n, Vigo<\/p>\n\n\n\n<p><em>Fuerzas Atroces del Noroeste<\/em>. UIMP. Palacio de La Magdalena. Santander.<\/p>\n\n\n\n<p><em>Mar a Mar.<\/em>&nbsp;Galer\u00eda&nbsp;<em>Colectivo Palmo<\/em>. M\u00e1laga.<\/p>\n\n\n\n<p><em>Mar Aberto.<\/em>&nbsp;Lorient , (Francia).<\/p>\n\n\n\n<p><strong>1985<\/strong>&nbsp;<em>Alternativas 80 (Artistas Galegos na Fronteira),&nbsp;<\/em>Salvaterra do Mi\u00f1o.<\/p>\n\n\n\n<p><em>Cara o Futuro,&nbsp;<\/em>Centro Cultural Cidade de Vigo. Vigo<\/p>\n\n\n\n<p><em>Tempos de Pintura<\/em>. Itinerante por Galicia.<\/p>\n\n\n\n<p><strong>1984<\/strong>&nbsp;Colectiva de los&nbsp;<em>\u201cTalleres de Arte Actual\u201d.&nbsp;<\/em>C\u00edrculo de Bellas Artes, Madrid.<\/p>\n\n\n\n<p><em>VI Bienal Internacional de Arte.&nbsp;<\/em>Pontevedra<em>.<\/em><\/p>\n\n\n\n<p><strong>1983<\/strong>&nbsp;<em>A Pintura Galega Hoxe.<\/em>&nbsp;Ayuntamiento de A Coru\u00f1a.<\/p>\n\n\n\n<p><em>Su Disco Favorito<\/em>. Itinerante por Espa\u00f1a.<\/p>\n\n\n\n<p><strong>1982<\/strong>&nbsp;<em>Homenaje a Pablo Picasso<\/em>. Delegaci\u00f3n del Ministerio de Cultura. A Coru\u00f1a.<\/p>\n<\/div><\/div>\n\n\n\n<!--nextpage-->\n\n\n\n<h2 class=\"wp-block-heading\">BOLSAS Y PREMIOS:<\/h2>\n\n\n\n<p><strong>1988<\/strong>&nbsp;2\u00ba Premio en dise\u00f1o gr\u00e1fico del Logotipo y Se\u00f1alizaci\u00f3n del Campus Universitario de Santiago.<\/p>\n\n\n\n<p><strong>1988<\/strong>&nbsp;1\u00ba Premio de Pintura del Ayuntamiento de Carballo. A Coru\u00f1a.<\/p>\n\n\n\n<p><strong>1985<\/strong>&nbsp;Beca de la Xunta de Galicia.<\/p>\n\n\n\n<h2 class=\"wp-block-heading\">CURSOS:<\/h2>\n\n\n\n<p><strong>2006<\/strong>&nbsp;Curso de Serigraf\u00eda, Gr\u00e1fica 2006, Fundaci\u00f3n CIEC (Centro Internacional de la Estampa Contempor\u00e1nea). Betanzos, (A Coru\u00f1a).<\/p>\n\n\n\n<p>Curso de Fotopol\u00edmeros, Gr\u00e1fica 2006, Fundaci\u00f3n CIEC (Centro Internacional de la Estampa Contempor\u00e1nea). Betanzos, (A Coru\u00f1a).<\/p>\n\n\n\n<p><strong>1994<\/strong>&nbsp;<em>A Xesti\u00f3n das Artes Pl\u00e1sticas.<\/em>&nbsp;Universidad de Vigo (cursos de verano).<\/p>\n\n\n\n<p><strong>1987<\/strong>&nbsp;Taller de Serigraf\u00eda organizado por el&nbsp;<em>Gruporz\u00e1n<\/em>&nbsp;y subvencionado por la U.I.M.P.<\/p>\n\n\n\n<p><strong>1984<\/strong>&nbsp;Talleres de Arte Actual en el C\u00edrculo de Bellas Artes de Madrid.<\/p>\n\n\n\n<h2 class=\"wp-block-heading\">OBRA EN:<\/h2>\n\n\n\n<p>&#8211; Biblioteca Nacional. (Obra gr\u00e1fica), Madrid.<\/p>\n\n\n\n<p>&#8211; Universidad de Santiago de Compostela.<\/p>\n\n\n\n<p>&#8211; Fondos del Museo de Arte Contempor\u00e1neo de la Xunta de Galicia.<\/p>\n\n\n\n<p>&#8211; Fondos del Museo de Bellas Artes de A Coru\u00f1a.<\/p>\n\n\n\n<p>&#8211; Fondos de la Colecci\u00f3n del Banco Exterior de Espa\u00f1a.<\/p>\n\n\n\n<p>&#8211; Fondos de la Colecci\u00f3n de la Excma. Diputaci\u00f3n de A Coru\u00f1a.<\/p>\n\n\n\n<p>&#8211; Fondos de la Casa de Cultura de Eibar, (Guip\u00fazcoa).<\/p>\n\n\n\n<p>&#8211; Fondos del Museo Carlos Maside. O Castro-Sada.<\/p>\n\n\n\n<p>&#8211; Colecci\u00f3n del Ayuntamiento de Carballo. A Coru\u00f1a.<\/p>\n\n\n\n<p>&#8211; Colecci\u00f3n Caixa Nova. Vigo<\/p>\n\n\n\n<p>&#8211; Consorcio de Santiago. Santiago de Compostela.<\/p>\n\n\n\n<p>&#8211; Centro de Salud P\u00fablica de la Seguridad Social en Cedeira.<\/p>\n\n\n\n<p>&#8211; Colegios P\u00fablicos de Mux\u00eda, Zas, Corme y Lanz\u00e1 (A Coru\u00f1a).<\/p>\n\n\n\n<!--nextpage-->\n\n\n\n<h2 class=\"wp-block-heading\">PUBLICACIONES E ILUSTRACIONES:<\/h2>\n\n\n\n<ul class=\"wp-block-list\"><li>Ilustraciones para el libro&nbsp;<em>Costa da Morte Blues<\/em>, de Manuel Rivas. Edici\u00f3ns Xerais de Galicia.<\/li><li>Ilustraci\u00f3n para \u201cA lua gris de Xan Cidad\u00e1n\u201d de Miguel Anxo Fern\u00e1n Bello. A Nosa Terra, do 3 ao 9 de Decembro de 1981.<\/li><li>Ilustraci\u00f3n para \u201cA Florvenusta\u201d de Miguel Anxo Fern\u00e1n Vello. A Nosa Terra, do 4 ao 10 de Marzo de 1983.<\/li><li>Portada para \u201cA Lici\u00f3n\u201d de Eug\u00e8ne Ionesco, Traduci\u00f3n de F. Pillado Mayor, Cadernos da Escola Dram\u00e1tica Galega, n\u00ba 87, Xaneiro 1991.<\/li><li>Ilustraci\u00f3n para \u201cMar da Costa da Morte\u201d de Rafael Lema, revista&nbsp;<em>Brav\u00fa,&nbsp;<\/em>n\u00ba 4. 1997<\/li><li>Ilustracion para \u201cPoemas de Xes\u00fas pis\u00f3n\u201d revista&nbsp;<em>Luzes de Galiza,<\/em>&nbsp;n\u00ba1 Novembro 1985.<\/li><li>Ilustraci\u00f3n para \u201cMux\u00eda: a cidade do mar no pais do vento\u201d de Rivadulla Corc\u00f3n, revista&nbsp;<em>Luzes de Galicia,<\/em>&nbsp;n\u00ba 10\/11. Primavera 1988.<\/li><li>Ilustraciones para \u201cPaisaxes naturais e paisaxes culturais\u201d de Roxelio P\u00e9rez Moreira.\/ \u201cO\u00b4Xestal\u201d Y \u201cO homa a quen o mar chamou a porta da sua casa\u201d de Manuel O\u00b4Rivas. \/ \u201cPoetas da Costa da Morte\u201d, revista&nbsp;<em>Luzes de Galicia,<\/em>n\u00ba 19\/20. Ver\u00e1n 1992.<\/li><li>Ilustraci\u00f3n para \u201cLascas\u201d de Luis Rei N\u00fa\u00f1ez, revista&nbsp;<em>Escrita,&nbsp;<\/em>n\u00ba6, Ver\u00e1n 1985<\/li><\/ul>\n\n\n\n<p>&#8211; Portada e ilustraciones para el libro&nbsp;<em>Im\u00e1n Fisterra<\/em>, de Luis Rei N\u00fa\u00f1ez. Editorial Ir Indo (narrativa).<\/p>\n\n\n\n<p>&#8211; Asesoramiento art\u00edstico y aportaci\u00f3n de cuadros y esculturas para la pel\u00edcula&nbsp;<em>Finisterre,<\/em>de Xavier Villaverde.<\/p>\n\n\n\n<p>&#8211; Publicaci\u00f3n en la enciclopedia de Galicia de H\u00e9rcules Ediciones, S.A. A Coru\u00f1a.<\/p>\n\n\n\n<p>&#8211; Portadas para los libros de poesia,&nbsp;<em>Setembro Stradivarius&nbsp;<\/em>y&nbsp;<em>Epicentro&nbsp;<\/em>de Manuel Alvarez Torneiro, edit. Tambo. Excma. Diputaci\u00f3n de Pontevedra.<\/p>\n\n\n\n<p>&#8211; Ilustraci\u00f3n para&nbsp;<em>Cando chorou Charo&nbsp;<\/em>de Manuel Rivas, en Relatos e debuxos de ver\u00e1n, O Correo Galego, 21-07-97.<\/p>\n\n\n\n<p>&#8211; Ilustraciones para \u201cCatedral virtual\u201d de Ant\u00f3n Reixa,<em>&nbsp;Voces de Compostela<\/em>, n\u00ba 19 Consorcio de Santiago, 1993.<\/p>\n\n\n\n<p>&#8211; Ilustraci\u00f3n para \u201c<em>Os Faros da Costa da Morte\u201d,<\/em>&nbsp;de Xos\u00e9 M\u00aa Lema Su\u00e1rez y Manuel Vilar \u00c1lvarez, 2001.<\/p>\n\n\n\n<ul class=\"wp-block-list\"><li>Maquetaci\u00f3n de la Guia de Servicios Sociais para la Xunta de Galicia, Santiago.<\/li><li>Cat\u00e1logo \u201cDesde\u00f1o Industrial\u201d UIMP, 23-07 al 16-08-1987, Sala Dur\u00e1n Loriga, A Coru\u00f1a.<\/li><li>Cat\u00e1logo \u201cMail.Art Eibar 91\u201d, Eibar (Guip\u00fazcoa).<\/li><\/ul>\n\n\n\n<p>&#8211; Dise\u00f1o de etiquetas para vinos y licores de Lorenzo Bescansa. Betanzos (A Coru\u00f1a).<\/p>\n\n\n\n<p>&#8211; Contraportada de la revista \u201c<em>Nunca M\u00e1is\u201d,&nbsp;<\/em>Mux\u00eda, nov. 2002 \u2013 nov. 2003.<\/p>\n\n\n\n<p>&#8211; Ilustraci\u00f3n para \u201cArte a borbotones: La estela creativa del fuel oil\u201d, revista&nbsp;<em>Cooltural&nbsp;<\/em><em>Galicia<\/em>,n\u00ba1, Julio-Agosto,2003.<\/p>\n\n\n\n<p>&#8211; Portada e ilustraciones para el libro de poemas \u201cAlaridos\u201d de Lino Braxe, 2006. Colecci\u00f3n de poes\u00eda Miguel Gonz\u00e1lez Garc\u00e9s. Publicaci\u00f3ns Deputaci\u00f3n da Coru\u00f1a.<\/p>\n\n\n\n<ul class=\"wp-block-list\"><li>D\u00edptico de la exposici\u00f3n de J.M. Villanueva y A.Mouzo en la Galer\u00eda Lume del 18-06 al 6- 07 de 1976 en A Coru\u00f1a.<\/li><li>Postal y Cartel para la exposici\u00f3n en la Galer\u00eda \u00c1bside, del 14-10 al 3-11-1982 en A Coru\u00f1a.<\/li><li>Portada para un disco de Alban Berg, exposici\u00f3n \u201cSu Disco Favorito\u201d itineranterante por Espa\u00f1a, 1983.<\/li><li>Cat\u00e1logo \u201cVI Bienal Internacional de Arte\u201d, Pontevedra, Diputaci\u00f3n de Pontevedra, Agosto 1984.<\/li><li>Tr\u00edptico para la exposici\u00f3n en la Galer\u00eda Finisterrae, del 10 al 26 \u201311-1984 en A Coru\u00f1a.<\/li><li>Cat\u00e1logo para la exposici\u00f3n \u201cCara o Futuro\u201d Centro Cultural Cidade de Vigo del 15 al 31-07-1985.<\/li><li>Cat\u00e1logo para la exposici\u00f3n \u201cMar Aberto\u201d XV Festival Interc\u00e9ltico de Lorient (Francia),1985.<\/li><li>Cat\u00e1logo para la exposici\u00f3n \u201cTempos de Pintura\u201d, 1985, itinerante por Galicia.<\/li><li>D\u00edptico y cartel para la exposici\u00f3n en la Galer\u00eda Abel Lepina, del 10 al 24-06-1986 en Vigo.<\/li><li>Cat\u00e1logo para la semana de las \u201cFuerzas Atroces del Noroeste\u201d \u201cGalicia chove sobre mollado\u201d, UIMP. Palacio de la Magdalena, Santander, 11 al 18-08-1986.<\/li><li>Cat\u00e1logo exposici\u00f3n \u201c1990, Becas e Adquisici\u00f3ns\u201d 1986. Itinerante por Galicia.<\/li><li>Cat\u00e1logo exposici\u00f3n \u201cLa Coru\u00f1a Vaya Valla. UIMP. Jardines de M\u00e9ndez N\u00fa\u00f1ez, A Coru\u00f1a, 1987.<\/li><li>Triptico para la exposici\u00f3n en la Galer\u00eda Gruporz\u00e1n, A Coru\u00f1a, 1987.<\/li><li>Cat\u00e1logo exposici\u00f3n \u201cContactos, Pintores &amp; Fot\u00f3grafos\u201d Palacio Municipal Kiosco Alfonso, A Coru\u00f1a, 1987.<\/li><li>D\u00edptico para la exposici\u00f3n \u201cExpreso do Norte\u201d, Galer\u00eda Peque\u00f1o Formato. Lisboa, Abril 1987.<\/li><li>D\u00edptico exposici\u00f3n \u201cAmnist\u00eda Internacional\u201d, Sala Municipal de Exposiciones Estaci\u00f3n Mar\u00edtima, del 3 al 10-12-1988, A Coru\u00f1a.<\/li><li>Cat\u00e1logo exposici\u00f3n \u201cMencer\u201d, Sala Municipal de Exposiciones Estaci\u00f3n Mar\u00edtima, A Coru\u00f1a. Octubre, 1988.<\/li><li>Cat\u00e1logo exposici\u00f3n \u201cVIII Bienal Intenacional de Arte de Pontevedra\u201d. Pontevedra, Agosto, 1988.<\/li><li>\u201cPapeis da Cidade\u201d.Carpeta de Grabados. Edita CEGRAC\/Diputaci\u00f3n de A Coru\u00f1a. 1989.<\/li><li>Cat\u00e1logo \u201c8 Artistes de La Coru\u00f1a\u201d, Espace Moliere, Agde (Francia), 1989.<\/li><li>Cat\u00e1logo \u201c1\u00ba Mostra Uni\u00f3n Fenosa\u201d, A Coru\u00f1a, 1989.<\/li><li>Cat\u00e1logo \u201cRevisi\u00f3n dunha D\u00e9cada\u201d Auditorio de Galicia, Santiago. Casa das Artes e da Historia, Vigo. 1990.<\/li><li>Gallegos, \u201cQuien es Quien en la Galicia del 90\u201d, El Correo Gallego, Santiago.<\/li><li>Gallegos, \u201cQuien es Quien en la Galicia del siglo XXI\u201d, El Correo Gallego, Santiago.<\/li><li>Cat\u00e1logo y CD-ROM, \u201cGalicia Terra \u00danica\u201d (Galicia, 1900-1990) , Ferrol, (A Coru\u00f1a).<\/li><li>Cat\u00e1logo y D\u00edptico exposici\u00f3n \u201cO Rostro do Tempo\u201d , Casa das Artes e da Historia, Vigo, Septiembre 1991.<\/li><li>Cat\u00e1logo \u201cColecci\u00f3n de Arte da Xunta de Galicia,1986-1993\u201d Xunta de Galicia, 1995.<\/li><li>Cat\u00e1logo \u201cVI Premio de Escultura Pablo Gargallo\u201d,Palacio de la Aljafer\u00eda. Zaragoza, 1992.<\/li><li>Cat\u00e1logo \u201cTrazos e Cami\u00f1os\u201d, Xunta de Galicia,1993.<\/li><li>Postal exposici\u00f3n Galeria Sargadelos, Santiago, 1992.<\/li><li>Tarjeta-invitaci\u00f3n \u201c60 Imaxes dunha Colecci\u00f3n\u201d, Mosteiro San Mart\u00edn Pinario, Santiago, 1992.<\/li><li>Postal y tarjeta invitaci\u00f3n exposici\u00f3n de A.Mouzo, Castillo Torres de Martelo, Vimianzo, (A Coru\u00f1a),1993<\/li><li>Cat\u00e1logo Galer\u00eda Atl\u00e1ntica, A Coru\u00f1a , 1994.<\/li><li>Cat\u00e1logo \u201cDonaciones de Obra Gr\u00e1fica a la Biblioteca Nacional\u201d Biblioteca Nacional, Madrid, 1994.<\/li><li>Tarjeta Invitaci\u00f3n exposici\u00f3n Galer\u00eda Abel Lepina, del 11 al 30-03-1994, Vigo.<\/li><li>Tarjeta postal para la exposici\u00f3n \u201cInstalases\u201d Palacio Municipal de Exposiciones Kiosco Alfonso, A Coru\u00f1a.<\/li><li>Tarjeta invitaci\u00f3n exposici\u00f3n \u201cPuxando o Ar\u201d,Galer\u00eda Noroeste. Santiago, 1996.<\/li><li>Cat\u00e1logo exposici\u00f3n Colecci\u00f3n Caixavigo, (s\u00e9culos XIX e XX), 1997 y Cat\u00e1logo tomo 3\u00ba Colecci\u00f3n Caixavigo, 1995.<\/li><li>Cat\u00e1logo \u201cV Certamen Isaac D\u00edaz Pardo\u201d Diputaci\u00f3n de A Coru\u00f1a\u201d, 1998.<\/li><li>Cartelas para la pel\u00edcula \u201cFinisterre\u201d (Donde termina el mundo) de Xavier Villaverde,1998.<\/li><li>Cat\u00e1logo, tr\u00edptico e tarjeta invitaci\u00f3n para la exposici\u00f3n A. Mouzo (Cos pes na terra), Sala de exposiciones Casa da Parra, Santiago, 1999.<\/li><li>Cat\u00e1logo exposici\u00f3n \u201cMemoria e Vangarda\u201d Itinerante por Latinoam\u00e9rica y EEUU. 1998 al 2000.<\/li><li>Cat\u00e1logo \u201cIII Exposici\u00f3n Arte y Solidaridade\u201d,(proxecto home), 2000, Itinerante por Galicia.<\/li><li>Revista \u201cEl Cultural de Exteriores\u201d Ministerio de Asuntos Exteriores, junio 2000, N\u00ba 2.<\/li><li>Cat\u00e1logo y diptico de la exposici\u00f3n \u201cDi\u00e1logos co Silencio\u201d. San Domingos de Bonaval. Santiago de Compostela, 2000.<\/li><li>Cat\u00e1logo exposici\u00f3n \u201cVII Certame de Artes Pl\u00e1sticas Isaac D\u00edaz Pardo\u201d, Diputaci\u00f3n da Coru\u00f1a. A Coru\u00f1a, 2001.<\/li><li>Cat\u00e1logo y Cartel de la exposici\u00f3n \u201cObradoiros\u201d (A.Mouzo). Caja Madrid, Pontevedra, 2001.<\/li><li>Cat\u00e1logo \u201cARTVG\u201d, Santiago de Compostela, 2001.<\/li><li>Gu\u00edas Culturais \u201cArtistas de Galicia\u201d, Xunta de Galicia. 2003.<\/li><li>Cat\u00e1logo exposici\u00f3n \u201cBotella ao Mar\u201d, AGAV, 2003.<\/li><li>Cat\u00e1logo exposici\u00f3n \u201cQuinto Sal\u00f3n de Oto\u00f1o de Pintura\u201d A Coru\u00f1a, 2004.<\/li><\/ul>\n\n\n\n<p><\/p>\n","protected":false},"excerpt":{"rendered":"<p>EXPOSICIONES INDIVIDUALES 2011 Casa da Cultura. Sala Ant\u00f3n Mouzo. Vimianzo 2009 Auditorio de Galicia. Santiago de Compostela 2004\u00a0Casino Atl\u00e1ntico. A Coru\u00f1a 2001\u00a0Caja Madrid. Pontevedra. 1999\u00a0Casa da Parra. Santiago de Compostela. 1995 Galer\u00eda\u00a0Caf\u00e9 de Macondo. A Coru\u00f1a. 1994 Galer\u00eda\u00a0Atl\u00e1ntica. A Coru\u00f1a. 1994 Galer\u00eda\u00a0Abel Lepina. Vigo. 1993 Galer\u00eda Pub\u00a0Modus Vivendi.\u00a0Santiago de Compostela. 1993 Castillo\u00a0Torres de Martelo. Vimianzo. [&hellip;]<\/p>\n","protected":false},"author":1,"featured_media":0,"parent":0,"menu_order":0,"comment_status":"closed","ping_status":"closed","template":"sidebar-page.php","meta":{"footnotes":""},"class_list":["post-4332","page","type-page","status-publish","hentry"],"_links":{"self":[{"href":"https:\/\/www.antonmouzo.com\/index.php?rest_route=\/wp\/v2\/pages\/4332","targetHints":{"allow":["GET"]}}],"collection":[{"href":"https:\/\/www.antonmouzo.com\/index.php?rest_route=\/wp\/v2\/pages"}],"about":[{"href":"https:\/\/www.antonmouzo.com\/index.php?rest_route=\/wp\/v2\/types\/page"}],"author":[{"embeddable":true,"href":"https:\/\/www.antonmouzo.com\/index.php?rest_route=\/wp\/v2\/users\/1"}],"replies":[{"embeddable":true,"href":"https:\/\/www.antonmouzo.com\/index.php?rest_route=%2Fwp%2Fv2%2Fcomments&post=4332"}],"version-history":[{"count":6,"href":"https:\/\/www.antonmouzo.com\/index.php?rest_route=\/wp\/v2\/pages\/4332\/revisions"}],"predecessor-version":[{"id":4352,"href":"https:\/\/www.antonmouzo.com\/index.php?rest_route=\/wp\/v2\/pages\/4332\/revisions\/4352"}],"wp:attachment":[{"href":"https:\/\/www.antonmouzo.com\/index.php?rest_route=%2Fwp%2Fv2%2Fmedia&parent=4332"}],"curies":[{"name":"wp","href":"https:\/\/api.w.org\/{rel}","templated":true}]}}